{"id":162,"date":"2021-12-07T14:41:32","date_gmt":"2021-12-07T13:41:32","guid":{"rendered":"https:\/\/medeautomazioni.com\/?page_id=162"},"modified":"2024-06-24T17:31:01","modified_gmt":"2024-06-24T15:31:01","slug":"about","status":"publish","type":"page","link":"https:\/\/medeautomazioni.com\/?page_id=162","title":{"rendered":"About"},"content":{"rendered":"\n<div class=\"wp-block-columns is-layout-flex wp-container-core-columns-is-layout-9d6595d7 wp-block-columns-is-layout-flex\">\n<div class=\"wp-block-column is-vertically-aligned-top is-layout-flow wp-block-column-is-layout-flow\">\n<div class=\"wp-block-group\"><div class=\"wp-block-group__inner-container is-layout-flow wp-block-group-is-layout-flow\"><div class=\"wp-block-image is-style-default\">\n<figure class=\"aligncenter size-medium is-resized\"><a href=\"https:\/\/medeautomazioni.com\/wp-content\/uploads\/2021\/12\/Untitled-1-01_icon-icons.com_75123-1.png\"><img loading=\"lazy\" decoding=\"async\" width=\"300\" height=\"300\" src=\"https:\/\/medeautomazioni.com\/wp-content\/uploads\/2021\/12\/Untitled-1-01_icon-icons.com_75123-1-300x300.png\" alt=\"\" class=\"wp-image-199\" style=\"width:174px;height:174px\" srcset=\"https:\/\/medeautomazioni.com\/wp-content\/uploads\/2021\/12\/Untitled-1-01_icon-icons.com_75123-1-300x300.png 300w, https:\/\/medeautomazioni.com\/wp-content\/uploads\/2021\/12\/Untitled-1-01_icon-icons.com_75123-1-150x150.png 150w, https:\/\/medeautomazioni.com\/wp-content\/uploads\/2021\/12\/Untitled-1-01_icon-icons.com_75123-1.png 512w\" sizes=\"auto, (max-width: 300px) 100vw, 300px\" \/><\/a><\/figure><\/div><\/div><\/div>\n\n\n\n<hr class=\"wp-block-separator has-css-opacity\"\/>\n\n\n\n<h2 class=\"wp-block-heading has-text-align-center has-normal-font-size\">La nostra storia<\/h2>\n\n\n\n<p> Medea \u00e8 una realt\u00e0 giovane, dinamica e flessibile con un\u2019esperienza dalle radici profonde nel settore.<\/p>\n\n\n\n<p>&nbsp;Gianluca ha iniziato il suo percorso trent&#8217;anni fa in una piccola realt\u00e0, da fresatore a tornitore per poi continuare ad assemblare linee automatiche in giro per il mondo.<\/p>\n\n\n\n<p>Finch\u00e9 non ha deciso che era tempo di costruirsi una realt\u00e0 tutta sua. Un&#8217;officina meccanica in cui costruire i particolari e all&#8217;occorrenza montare.<\/p>\n\n\n\n<p>Medea nasce dalla necessit\u00e0 di semplificare e focalizzare maggior energie su una delle parti che costituivano l&#8217;attivit\u00e0 precedente; quella del montaggio in particolare.<\/p>\n\n\n\n<p>Garantendo cos\u00ec alti livelli di qualit\u00e0, affidabilit\u00e0 ed efficienza. Con un piano di assistenza sempre attivo e pronto a modifiche e migliorie.<\/p>\n\n\n\n<p>&nbsp;<\/p>\n<\/div>\n\n\n\n<div class=\"wp-block-column is-layout-flow wp-block-column-is-layout-flow\">\n<div class=\"wp-block-group\"><div class=\"wp-block-group__inner-container is-layout-flow wp-block-group-is-layout-flow\"><div class=\"wp-block-image is-style-default\">\n<figure class=\"aligncenter size-full is-resized\"><img loading=\"lazy\" decoding=\"async\" width=\"512\" height=\"512\" src=\"https:\/\/medeautomazioni.com\/wp-content\/uploads\/2021\/12\/lampadina-1.png\" alt=\"\" class=\"wp-image-200\" style=\"width:174px;height:174px\" srcset=\"https:\/\/medeautomazioni.com\/wp-content\/uploads\/2021\/12\/lampadina-1.png 512w, https:\/\/medeautomazioni.com\/wp-content\/uploads\/2021\/12\/lampadina-1-300x300.png 300w, https:\/\/medeautomazioni.com\/wp-content\/uploads\/2021\/12\/lampadina-1-150x150.png 150w\" sizes=\"auto, (max-width: 512px) 100vw, 512px\" \/><\/figure><\/div><\/div><\/div>\n\n\n\n<hr class=\"wp-block-separator has-css-opacity\"\/>\n\n\n\n<h2 class=\"wp-block-heading has-text-align-center has-normal-font-size\">La nostra visione<\/h2>\n\n\n\n<p> \u201cLieve \u00e8 l\u2019operar se in molti \u00e8 condiviso.\u201d(Omero)<\/p>\n\n\n\n<p>Crediamo fortemente nel lavoro di squadra. Confidiamo che ogni lavoro debba esser eseguito da uno specialista nel settore per aver un margine di errore minore possibile.<\/p>\n\n\n\n<p>Nel corso del tempo abbiamo formato un magnifico team di persone, collaboratori specializzati, per adempiere ad ogni necessit\u00e0, che sia puramente meccanica o no. Possiamo insieme pianificare, progettare costruire, assemblare intere macchine, linee industriali per l\u2019automazione di vario genere e forma, compresa anche la consegna di un\u2019industria 4.0.<\/p>\n\n\n\n<p>Ogni giorno ci occupiamo di migliorare e ottimizzare i processi lavorativi. <\/p>\n\n\n\n<p>Vogliamo continuare a crescere per noi con voi.<\/p>\n<\/div>\n\n\n\n<div class=\"wp-block-column is-layout-flow wp-block-column-is-layout-flow\">\n<div class=\"wp-block-group\"><div class=\"wp-block-group__inner-container is-layout-flow wp-block-group-is-layout-flow\"><div class=\"wp-block-image is-style-default\">\n<figure class=\"aligncenter size-full is-resized\"><img loading=\"lazy\" decoding=\"async\" width=\"512\" height=\"512\" src=\"https:\/\/medeautomazioni.com\/wp-content\/uploads\/2021\/12\/networkvalidationblockblockchaintechnology_95907-1.png\" alt=\"\" class=\"wp-image-201\" style=\"width:174px;height:174px\" srcset=\"https:\/\/medeautomazioni.com\/wp-content\/uploads\/2021\/12\/networkvalidationblockblockchaintechnology_95907-1.png 512w, https:\/\/medeautomazioni.com\/wp-content\/uploads\/2021\/12\/networkvalidationblockblockchaintechnology_95907-1-300x300.png 300w, https:\/\/medeautomazioni.com\/wp-content\/uploads\/2021\/12\/networkvalidationblockblockchaintechnology_95907-1-150x150.png 150w\" sizes=\"auto, (max-width: 512px) 100vw, 512px\" \/><\/figure><\/div><\/div><\/div>\n\n\n\n<hr class=\"wp-block-separator has-css-opacity\"\/>\n\n\n\n<h2 class=\"wp-block-heading has-text-align-center has-normal-font-size\">Il nostro lavoro<\/h2>\n\n\n\n<p>La Medea si occupa del montaggio, assemblaggio e pre-assemblaggio principalmente di gruppi di precisione, montaggio di linee complete, messe in funzione di impianti, direttamente dal cliente o nella nostra sede, in base alle vostre necessit\u00e0 per agevolare, ottimizzare e semplificare il lavoro.<\/p>\n\n\n\n<p>Per modifiche, migliorie su macchine gi\u00e0 esistenti, veniamo in loco per affiancarti e ragionare sulla strategia migliore da adottare.<\/p>\n\n\n\n<p>Forniamo un supporto di consulenza, ed assistenza anche post-vendita.<\/p>\n\n\n\n<p><\/p>\n<\/div>\n<\/div>\n\n\n\n<p><\/p>\n\n\n\n<p><\/p>\n","protected":false},"excerpt":{"rendered":"<p>La nostra storia Medea \u00e8 una realt\u00e0 giovane, dinamica e flessibile con un\u2019esperienza dalle radici profonde nel settore. &nbsp;Gianluca ha iniziato il suo percorso trent&#8217;anni fa in una piccola realt\u00e0, da fresatore a tornitore per poi continuare ad assemblare linee automatiche in giro per il mondo. Finch\u00e9 non ha deciso che era tempo di costruirsi&hellip;&nbsp;<a href=\"https:\/\/medeautomazioni.com\/?page_id=162\" rel=\"bookmark\">Leggi tutto &raquo;<span class=\"screen-reader-text\">About<\/span><\/a><\/p>\n","protected":false},"author":1,"featured_media":0,"parent":245,"menu_order":1,"comment_status":"closed","ping_status":"closed","template":"","meta":{"neve_meta_sidebar":"","neve_meta_container":"default","neve_meta_enable_content_width":"off","neve_meta_content_width":70,"neve_meta_title_alignment":"","neve_meta_author_avatar":"","neve_post_elements_order":"","neve_meta_disable_header":"","neve_meta_disable_footer":"","neve_meta_disable_title":"","advanced_seo_description":"","jetpack_seo_html_title":"","jetpack_seo_noindex":false,"footnotes":""},"class_list":["post-162","page","type-page","status-publish","hentry"],"jetpack_sharing_enabled":true,"_links":{"self":[{"href":"https:\/\/medeautomazioni.com\/index.php?rest_route=\/wp\/v2\/pages\/162","targetHints":{"allow":["GET"]}}],"collection":[{"href":"https:\/\/medeautomazioni.com\/index.php?rest_route=\/wp\/v2\/pages"}],"about":[{"href":"https:\/\/medeautomazioni.com\/index.php?rest_route=\/wp\/v2\/types\/page"}],"author":[{"embeddable":true,"href":"https:\/\/medeautomazioni.com\/index.php?rest_route=\/wp\/v2\/users\/1"}],"replies":[{"embeddable":true,"href":"https:\/\/medeautomazioni.com\/index.php?rest_route=%2Fwp%2Fv2%2Fcomments&post=162"}],"version-history":[{"count":23,"href":"https:\/\/medeautomazioni.com\/index.php?rest_route=\/wp\/v2\/pages\/162\/revisions"}],"predecessor-version":[{"id":418,"href":"https:\/\/medeautomazioni.com\/index.php?rest_route=\/wp\/v2\/pages\/162\/revisions\/418"}],"up":[{"embeddable":true,"href":"https:\/\/medeautomazioni.com\/index.php?rest_route=\/wp\/v2\/pages\/245"}],"wp:attachment":[{"href":"https:\/\/medeautomazioni.com\/index.php?rest_route=%2Fwp%2Fv2%2Fmedia&parent=162"}],"curies":[{"name":"wp","href":"https:\/\/api.w.org\/{rel}","templated":true}]}}